{"id":2,"date":"2017-11-03T12:30:55","date_gmt":"2017-11-03T11:30:55","guid":{"rendered":"http:\/\/www.hotel-loewen.li\/?page_id=2"},"modified":"2026-04-27T09:45:52","modified_gmt":"2026-04-27T07:45:52","slug":"home","status":"publish","type":"page","link":"https:\/\/www.hotel-loewen.li\/en\/","title":{"rendered":"Home"},"content":{"rendered":"<p><\/p>\n<h1>since <strong>1380<\/strong><\/h1>\n<hr \/>\n<h4>The &#8220;L\u00d6WEN&#8221; in Vaduz is the top address for everyone who wants to enjoy a good meal in a cosy atmosphere.<\/h4>\n<p>The historic building looks back on a history of more than 600 years and has already accommodated many famous guests.<\/p>","protected":false},"excerpt":{"rendered":"<p>since 1380 The &#8220;L\u00d6WEN&#8221; in Vaduz is the top address for everyone who wants to enjoy a good meal in a cosy atmosphere. The historic building looks back on a history of more than 600 years and has already accommodated many famous guests.<\/p>\n","protected":false},"author":1,"featured_media":0,"parent":0,"menu_order":0,"comment_status":"closed","ping_status":"closed","template":"","meta":{"_acf_changed":false,"footnotes":""},"class_list":["post-2","page","type-page","status-publish","hentry"],"acf":[],"yoast_head":"<!-- This site is optimized with the Yoast SEO plugin v27.4 - https:\/\/yoast.com\/product\/yoast-seo-wordpress\/ -->\n<title>**** Hotel-Gasthof L\u00f6wen Vaduz F\u00fcrstentum Liechtenstein<\/title>\n<meta name=\"description\" content=\"Der \u201eL\u00d6WEN\u201c in Vaduz ist die erste Adresse f\u00fcr alle, die sich in historischer und urgem\u00fctlicher Atmosph\u00e4re mit k\u00f6stlichen Speisen und erlesenen Getr\u00e4nken verw\u00f6hnen lassen m\u00f6chten.\" \/>\n<meta name=\"robots\" content=\"index, follow, max-snippet:-1, max-image-preview:large, max-video-preview:-1\" \/>\n<link rel=\"canonical\" href=\"https:\/\/www.hotel-loewen.li\/en\/\" \/>\n<meta property=\"og:locale\" content=\"en_US\" \/>\n<meta property=\"og:type\" content=\"article\" \/>\n<meta property=\"og:title\" content=\"**** Hotel-Gasthof L\u00f6wen Vaduz F\u00fcrstentum Liechtenstein\" \/>\n<meta property=\"og:description\" content=\"Der \u201eL\u00d6WEN\u201c in Vaduz ist die erste Adresse f\u00fcr alle, die sich in historischer und urgem\u00fctlicher Atmosph\u00e4re mit k\u00f6stlichen Speisen und erlesenen Getr\u00e4nken verw\u00f6hnen lassen m\u00f6chten.\" \/>\n<meta property=\"og:url\" content=\"https:\/\/www.hotel-loewen.li\/en\/\" \/>\n<meta property=\"og:site_name\" content=\"**** Hotel-Gasthof L\u00f6wen Vaduz\" \/>\n<meta property=\"article:modified_time\" content=\"2026-04-27T07:45:52+00:00\" \/>\n<meta name=\"twitter:card\" content=\"summary_large_image\" \/>\n<meta name=\"twitter:label1\" content=\"Est. reading time\" \/>\n\t<meta name=\"twitter:data1\" content=\"1 minute\" \/>\n<script type=\"application\/ld+json\" class=\"yoast-schema-graph\">{\"@context\":\"https:\\\/\\\/schema.org\",\"@graph\":[{\"@type\":\"WebPage\",\"@id\":\"https:\\\/\\\/www.hotel-loewen.li\\\/en\\\/\",\"url\":\"https:\\\/\\\/www.hotel-loewen.li\\\/en\\\/\",\"name\":\"**** Hotel-Gasthof L\u00f6wen Vaduz F\u00fcrstentum Liechtenstein\",\"isPartOf\":{\"@id\":\"https:\\\/\\\/www.hotel-loewen.li\\\/en\\\/#website\"},\"datePublished\":\"2017-11-03T11:30:55+00:00\",\"dateModified\":\"2026-04-27T07:45:52+00:00\",\"description\":\"Der \u201eL\u00d6WEN\u201c in Vaduz ist die erste Adresse f\u00fcr alle, die sich in historischer und urgem\u00fctlicher Atmosph\u00e4re mit k\u00f6stlichen Speisen und erlesenen Getr\u00e4nken verw\u00f6hnen lassen m\u00f6chten.\",\"breadcrumb\":{\"@id\":\"https:\\\/\\\/www.hotel-loewen.li\\\/en\\\/#breadcrumb\"},\"inLanguage\":\"en-US\",\"potentialAction\":[{\"@type\":\"ReadAction\",\"target\":[[\"https:\\\/\\\/www.hotel-loewen.li\\\/en\\\/\"]]}]},{\"@type\":\"BreadcrumbList\",\"@id\":\"https:\\\/\\\/www.hotel-loewen.li\\\/en\\\/#breadcrumb\",\"itemListElement\":[{\"@type\":\"ListItem\",\"position\":1,\"name\":\"Startseite\",\"item\":\"https:\\\/\\\/www.hotel-loewen.li\\\/en\\\/\"},{\"@type\":\"ListItem\",\"position\":2,\"name\":\"Home\"}]},{\"@type\":\"WebSite\",\"@id\":\"https:\\\/\\\/www.hotel-loewen.li\\\/en\\\/#website\",\"url\":\"https:\\\/\\\/www.hotel-loewen.li\\\/en\\\/\",\"name\":\"**** Hotel-Gasthof L\u00f6wen Vaduz\",\"description\":\"\",\"potentialAction\":[{\"@type\":\"SearchAction\",\"target\":{\"@type\":\"EntryPoint\",\"urlTemplate\":\"https:\\\/\\\/www.hotel-loewen.li\\\/en\\\/?s={search_term_string}\"},\"query-input\":{\"@type\":\"PropertyValueSpecification\",\"valueRequired\":true,\"valueName\":\"search_term_string\"}}],\"inLanguage\":\"en-US\"}]}<\/script>\n<!-- \/ Yoast SEO plugin. -->","yoast_head_json":{"title":"**** Hotel-Gasthof L\u00f6wen Vaduz F\u00fcrstentum Liechtenstein","description":"Der \u201eL\u00d6WEN\u201c in Vaduz ist die erste Adresse f\u00fcr alle, die sich in historischer und urgem\u00fctlicher Atmosph\u00e4re mit k\u00f6stlichen Speisen und erlesenen Getr\u00e4nken verw\u00f6hnen lassen m\u00f6chten.","robots":{"index":"index","follow":"follow","max-snippet":"max-snippet:-1","max-image-preview":"max-image-preview:large","max-video-preview":"max-video-preview:-1"},"canonical":"https:\/\/www.hotel-loewen.li\/en\/","og_locale":"en_US","og_type":"article","og_title":"**** Hotel-Gasthof L\u00f6wen Vaduz F\u00fcrstentum Liechtenstein","og_description":"Der \u201eL\u00d6WEN\u201c in Vaduz ist die erste Adresse f\u00fcr alle, die sich in historischer und urgem\u00fctlicher Atmosph\u00e4re mit k\u00f6stlichen Speisen und erlesenen Getr\u00e4nken verw\u00f6hnen lassen m\u00f6chten.","og_url":"https:\/\/www.hotel-loewen.li\/en\/","og_site_name":"**** Hotel-Gasthof L\u00f6wen Vaduz","article_modified_time":"2026-04-27T07:45:52+00:00","twitter_card":"summary_large_image","twitter_misc":{"Est. reading time":"1 minute"},"schema":{"@context":"https:\/\/schema.org","@graph":[{"@type":"WebPage","@id":"https:\/\/www.hotel-loewen.li\/en\/","url":"https:\/\/www.hotel-loewen.li\/en\/","name":"**** Hotel-Gasthof L\u00f6wen Vaduz F\u00fcrstentum Liechtenstein","isPartOf":{"@id":"https:\/\/www.hotel-loewen.li\/en\/#website"},"datePublished":"2017-11-03T11:30:55+00:00","dateModified":"2026-04-27T07:45:52+00:00","description":"Der \u201eL\u00d6WEN\u201c in Vaduz ist die erste Adresse f\u00fcr alle, die sich in historischer und urgem\u00fctlicher Atmosph\u00e4re mit k\u00f6stlichen Speisen und erlesenen Getr\u00e4nken verw\u00f6hnen lassen m\u00f6chten.","breadcrumb":{"@id":"https:\/\/www.hotel-loewen.li\/en\/#breadcrumb"},"inLanguage":"en-US","potentialAction":[{"@type":"ReadAction","target":[["https:\/\/www.hotel-loewen.li\/en\/"]]}]},{"@type":"BreadcrumbList","@id":"https:\/\/www.hotel-loewen.li\/en\/#breadcrumb","itemListElement":[{"@type":"ListItem","position":1,"name":"Startseite","item":"https:\/\/www.hotel-loewen.li\/en\/"},{"@type":"ListItem","position":2,"name":"Home"}]},{"@type":"WebSite","@id":"https:\/\/www.hotel-loewen.li\/en\/#website","url":"https:\/\/www.hotel-loewen.li\/en\/","name":"**** Hotel-Gasthof L\u00f6wen Vaduz","description":"","potentialAction":[{"@type":"SearchAction","target":{"@type":"EntryPoint","urlTemplate":"https:\/\/www.hotel-loewen.li\/en\/?s={search_term_string}"},"query-input":{"@type":"PropertyValueSpecification","valueRequired":true,"valueName":"search_term_string"}}],"inLanguage":"en-US"}]}},"_links":{"self":[{"href":"https:\/\/www.hotel-loewen.li\/en\/wp-json\/wp\/v2\/pages\/2","targetHints":{"allow":["GET"]}}],"collection":[{"href":"https:\/\/www.hotel-loewen.li\/en\/wp-json\/wp\/v2\/pages"}],"about":[{"href":"https:\/\/www.hotel-loewen.li\/en\/wp-json\/wp\/v2\/types\/page"}],"author":[{"embeddable":true,"href":"https:\/\/www.hotel-loewen.li\/en\/wp-json\/wp\/v2\/users\/1"}],"replies":[{"embeddable":true,"href":"https:\/\/www.hotel-loewen.li\/en\/wp-json\/wp\/v2\/comments?post=2"}],"version-history":[{"count":277,"href":"https:\/\/www.hotel-loewen.li\/en\/wp-json\/wp\/v2\/pages\/2\/revisions"}],"predecessor-version":[{"id":2636,"href":"https:\/\/www.hotel-loewen.li\/en\/wp-json\/wp\/v2\/pages\/2\/revisions\/2636"}],"wp:attachment":[{"href":"https:\/\/www.hotel-loewen.li\/en\/wp-json\/wp\/v2\/media?parent=2"}],"curies":[{"name":"wp","href":"https:\/\/api.w.org\/{rel}","templated":true}]}}